{"id":251,"date":"2018-05-15T02:59:20","date_gmt":"2018-05-15T00:59:20","guid":{"rendered":"https:\/\/colectivocamac.noblogs.org\/?page_id=251"},"modified":"2018-08-12T01:52:16","modified_gmt":"2018-08-11T23:52:16","slug":"camac","status":"publish","type":"page","link":"https:\/\/colectivocamac.noblogs.org\/","title":{"rendered":"CAMAC"},"content":{"rendered":"<h2 style=\"text-align: center\">Colectivo Aut\u00f3nomo M\u00f3vil de Autoconstrucci\u00f3n y de Comunicaci\u00f3n (CAMAC)<\/h2>\n<p><strong>Colectivo<\/strong><\/p>\n<p>El Camac se presenta como un colectivo pol\u00edtico internacional. Nos movemos principalmente con bicicletas. Nuestra campo de acci\u00f3n por ahora es Am\u00e9rica latina, donde queremos aportar nuestra solidaridad a las luchas sociales de hoy. Viajamos compartiendo nuestras varias competencias en las comunidades luchando para su autonom\u00eda et contra el capitalismo en general. Consideramos cada etapa como una oportunidad para formarse tan t\u00e9cnicamente que pol\u00edticamente. Cada paso sera documentado y este sitio es nuestro principal soporte como medio libre.<\/p>\n<p><strong>Aut\u00f3nomo<\/strong><\/p>\n<p>Consideramos la autonom\u00eda pol\u00edtica de todo grupo social como la condici\u00f3n clave del florecimiento global de la humanidad. La autodeterminaci\u00f3n de tal grupos nos parece fundamental para el establecimiento de sistemas de justicia y de paz reales. Con el Camac queremos apoyar a proyectos aut\u00f3nomos en lucha contra las empresas capitalistas, los partidos pol\u00edticos, los grupos paramilitares, la polic\u00eda y el ejercito. Consideramos que ellos defienden y participen activamente a un sistema de explotaci\u00f3n brutal, as\u00ed sembrando miseria, humillaci\u00f3n y guerra al nivel global.<\/p>\n<p><strong>M\u00f3vil<\/strong><\/p>\n<p>Nuestra curiosidad y nuestra energia rebelde nos animen para recorrer este pinche mundo. Queremos ver y hacer todo, participar a todas las luchas que para nosotros tienen sentido, de todos lados y todo el tiempo.<\/p>\n<p>La palabra \u201cImposible\u201d es un concepto falso definido por los que intentan impedirnos de vivir nuestras utopias. Estamos armadxs con bicicletas. Esta maquina incre\u00edble nos permite desplazarnos de manera casi aut\u00f3noma, sin gasolina, con poca plata y as\u00ed manteniendonos en buena forma f\u00edsica y mental. Lento, pero avanzamos.<\/p>\n<p><strong>Autoconstrucci\u00f3n<\/strong><\/p>\n<p>Saber construir significa dotarse de herramientas esenciales para moldear nuestra vida y las de las comunidades de cuales pertenecemos. Creer su vivienda es como cubrirse de una secunda piel, defender el territorio y respectar el medio ambiente. Contamos con materiales locales y biodegradables, tenemos en cuenta los ciclos de los elementos naturales y creemos un nuevo mundo, nuestro mundo. Con sierra y martillo, destruir sus arquitecturas f\u00e9tidas y est\u00e9riles para construir nuestras utop\u00edas en las ruinas de los absurdos burgueses.<\/p>\n<p><strong>Comunicaci\u00f3n<\/strong><\/p>\n<p>Escuchar, mirar, grabar, hablar, escribir, difundir. Nos parece importante visibilizar lo que estamos haciendo y lo que vemos. Si nuestras acciones tienen sentido para nosotros, de repente van a\u00a0 hacer eco\u00a0 para otras personas o grupos tambi\u00e9n. Comentemos las luchas de que vemos asi que sirven de fuente de inspiracion para todas las otras luchas. Somos un medio libre como miles de otros medios libres. Somos una voy, un ojo y una pluma de mas en la lucha por la verdad, la memoria y la justicia.<\/p>\n<p>&nbsp;<\/p>\n<ul class=\"bogo-language-switcher list-view\"><li class=\"ar first\"><span class=\"bogoflags bogoflags-zz\"><\/span> <span class=\"bogo-language-name\"><a rel=\"alternate\" hreflang=\"ar\" href=\"https:\/\/colectivocamac.noblogs.org\/ar\/wp-json\/wp\/v2\/pages\/251\/\" title=\"Arabe\">\u0627\u0644\u0639\u0631\u0628\u064a\u0629<\/a><\/span><\/li>\n<li class=\"ca\"><span class=\"bogoflags bogoflags-zz\"><\/span> <span class=\"bogo-language-name\"><a rel=\"alternate\" hreflang=\"ca\" href=\"https:\/\/colectivocamac.noblogs.org\/ca\/wp-json\/wp\/v2\/pages\/251\/\" title=\"Catal\u00e1n\">Catal\u00e0<\/a><\/span><\/li>\n<li class=\"cy\"><span class=\"bogoflags bogoflags-zz\"><\/span> <span class=\"bogo-language-name\"><a rel=\"alternate\" hreflang=\"cy\" href=\"https:\/\/colectivocamac.noblogs.org\/cy\/wp-json\/wp\/v2\/pages\/251\/\" title=\"Gal\u00e9s\">Cymraeg<\/a><\/span><\/li>\n<li class=\"da-DK da\"><span class=\"bogoflags bogoflags-dk\"><\/span> <span class=\"bogo-language-name\"><a rel=\"alternate\" hreflang=\"da-DK\" href=\"https:\/\/colectivocamac.noblogs.org\/da\/wp-json\/wp\/v2\/pages\/251\/\" title=\"Danes\">Dansk<\/a><\/span><\/li>\n<li class=\"de-DE de\"><span class=\"bogoflags bogoflags-de\"><\/span> <span class=\"bogo-language-name\"><a rel=\"alternate\" hreflang=\"de-DE\" href=\"https:\/\/colectivocamac.noblogs.org\/de\/wp-json\/wp\/v2\/pages\/251\/\" title=\"Alem\u00e1n\">Deutsch<\/a><\/span><\/li>\n<li class=\"el\"><span class=\"bogoflags bogoflags-gr\"><\/span> <span class=\"bogo-language-name\"><a rel=\"alternate\" hreflang=\"el\" href=\"https:\/\/colectivocamac.noblogs.org\/el\/wp-json\/wp\/v2\/pages\/251\/\" title=\"Griego\">\u0395\u03bb\u03bb\u03b7\u03bd\u03b9\u03ba\u03ac<\/a><\/span><\/li>\n<li class=\"en-GB en\"><span class=\"bogoflags bogoflags-gb\"><\/span> <span class=\"bogo-language-name\"><a rel=\"alternate\" hreflang=\"en-GB\" href=\"https:\/\/colectivocamac.noblogs.org\/en\/wp-json\/wp\/v2\/pages\/251\/\" title=\"Ingl\u00e9s\">English<\/a><\/span><\/li>\n<li class=\"es-ES es current\"><span class=\"bogoflags bogoflags-es\"><\/span> <span class=\"bogo-language-name\"><a rel=\"alternate\" hreflang=\"es-ES\" href=\"https:\/\/colectivocamac.noblogs.org\/es\/wp-json\/wp\/v2\/pages\/251\/\" title=\"Espa\u00f1ol\" class=\"current\" aria-current=\"page\">Espa\u00f1ol<\/a><\/span><\/li>\n<li class=\"fa-AF\"><span class=\"bogoflags bogoflags-af\"><\/span> <span class=\"bogo-language-name\"><a rel=\"alternate\" hreflang=\"fa-AF\" href=\"https:\/\/colectivocamac.noblogs.org\/fa-AF\/wp-json\/wp\/v2\/pages\/251\/\" title=\"Persa (Afganist\u00e1n)\">(\u0641\u0627\u0631\u0633\u06cc (\u0627\u0641\u063a\u0627\u0646\u0633\u062a\u0627\u0646<\/a><\/span><\/li>\n<li class=\"fa-IR\"><span class=\"bogoflags bogoflags-ir\"><\/span> <span class=\"bogo-language-name\"><a rel=\"alternate\" hreflang=\"fa-IR\" href=\"https:\/\/colectivocamac.noblogs.org\/fa-IR\/wp-json\/wp\/v2\/pages\/251\/\" title=\"Persa\">\u0641\u0627\u0631\u0633\u06cc<\/a><\/span><\/li>\n<li class=\"fi\"><span class=\"bogoflags bogoflags-fi\"><\/span> <span class=\"bogo-language-name\"><a rel=\"alternate\" hreflang=\"fi\" href=\"https:\/\/colectivocamac.noblogs.org\/fi\/wp-json\/wp\/v2\/pages\/251\/\" title=\"Finlandes\">Suomi<\/a><\/span><\/li>\n<li class=\"fr-FR fr\"><span class=\"bogoflags bogoflags-fr\"><\/span> <span class=\"bogo-language-name\"><a rel=\"alternate\" hreflang=\"fr-FR\" href=\"https:\/\/colectivocamac.noblogs.org\/wp-json\/wp\/v2\/pages\/251\/\" title=\"Franc\u00e9s\">Fran\u00e7ais<\/a><\/span><\/li>\n<li class=\"he-IL he\"><span class=\"bogoflags bogoflags-il\"><\/span> <span class=\"bogo-language-name\"><a rel=\"alternate\" hreflang=\"he-IL\" href=\"https:\/\/colectivocamac.noblogs.org\/he\/wp-json\/wp\/v2\/pages\/251\/\" title=\"Hebreo\">\u05e2\u05b4\u05d1\u05b0\u05e8\u05b4\u05d9\u05ea<\/a><\/span><\/li>\n<li class=\"it-IT it\"><span class=\"bogoflags bogoflags-it\"><\/span> <span class=\"bogo-language-name\"><a rel=\"alternate\" hreflang=\"it-IT\" href=\"https:\/\/colectivocamac.noblogs.org\/it\/wp-json\/wp\/v2\/pages\/251\/\" title=\"Italiano\">Italiano<\/a><\/span><\/li>\n<li class=\"ja\"><span class=\"bogoflags bogoflags-jp\"><\/span> <span class=\"bogo-language-name\"><a rel=\"alternate\" hreflang=\"ja\" href=\"https:\/\/colectivocamac.noblogs.org\/ja\/wp-json\/wp\/v2\/pages\/251\/\" title=\"Japon\u00e9s\">\u65e5\u672c\u8a9e<\/a><\/span><\/li>\n<li class=\"nl-NL nl\"><span class=\"bogoflags bogoflags-nl\"><\/span> <span class=\"bogo-language-name\"><a rel=\"alternate\" hreflang=\"nl-NL\" href=\"https:\/\/colectivocamac.noblogs.org\/nl\/wp-json\/wp\/v2\/pages\/251\/\" title=\"Neerland\u00e9s\">Nederlands<\/a><\/span><\/li>\n<li class=\"nn-NO nn\"><span class=\"bogoflags bogoflags-no\"><\/span> <span class=\"bogo-language-name\"><a rel=\"alternate\" hreflang=\"nn-NO\" href=\"https:\/\/colectivocamac.noblogs.org\/nn\/wp-json\/wp\/v2\/pages\/251\/\" title=\"Noruego\">Norsk nynorsk<\/a><\/span><\/li>\n<li class=\"pt-PT pt\"><span class=\"bogoflags bogoflags-pt\"><\/span> <span class=\"bogo-language-name\"><a rel=\"alternate\" hreflang=\"pt-PT\" href=\"https:\/\/colectivocamac.noblogs.org\/pt\/wp-json\/wp\/v2\/pages\/251\/\" title=\"Portugu\u00e9s\">Portugu\u00eas<\/a><\/span><\/li>\n<li class=\"ro-RO ro\"><span class=\"bogoflags bogoflags-ro\"><\/span> <span class=\"bogo-language-name\"><a rel=\"alternate\" hreflang=\"ro-RO\" href=\"https:\/\/colectivocamac.noblogs.org\/ro\/wp-json\/wp\/v2\/pages\/251\/\" title=\"Rumano\">Rom\u00e2n\u0103<\/a><\/span><\/li>\n<li class=\"ru-RU ru\"><span class=\"bogoflags bogoflags-ru\"><\/span> <span class=\"bogo-language-name\"><a rel=\"alternate\" hreflang=\"ru-RU\" href=\"https:\/\/colectivocamac.noblogs.org\/ru\/wp-json\/wp\/v2\/pages\/251\/\" title=\"Ruso\">\u0420\u0443\u0441\u0441\u043a\u0438\u0439<\/a><\/span><\/li>\n<li class=\"sk-SK sk\"><span class=\"bogoflags bogoflags-sk\"><\/span> <span class=\"bogo-language-name\"><a rel=\"alternate\" hreflang=\"sk-SK\" href=\"https:\/\/colectivocamac.noblogs.org\/sk\/wp-json\/wp\/v2\/pages\/251\/\" title=\"Eslovaco\">Sloven\u010dina<\/a><\/span><\/li>\n<li class=\"sv-SE sv\"><span class=\"bogoflags bogoflags-se\"><\/span> <span class=\"bogo-language-name\"><a rel=\"alternate\" hreflang=\"sv-SE\" href=\"https:\/\/colectivocamac.noblogs.org\/sv\/wp-json\/wp\/v2\/pages\/251\/\" title=\"Sueco\">Svenska<\/a><\/span><\/li>\n<li class=\"tr-TR tr\"><span class=\"bogoflags bogoflags-tr\"><\/span> <span class=\"bogo-language-name\"><a rel=\"alternate\" hreflang=\"tr-TR\" href=\"https:\/\/colectivocamac.noblogs.org\/tr\/wp-json\/wp\/v2\/pages\/251\/\" title=\"Turco\">T\u00fcrk\u00e7e<\/a><\/span><\/li>\n<li class=\"zh-CN\"><span class=\"bogoflags bogoflags-cn\"><\/span> <span class=\"bogo-language-name\"><a rel=\"alternate\" hreflang=\"zh-CN\" href=\"https:\/\/colectivocamac.noblogs.org\/zh-CN\/wp-json\/wp\/v2\/pages\/251\/\" title=\"Chino (China)\">\u7b80\u4f53\u4e2d\u6587<\/a><\/span><\/li>\n<li class=\"zh-HK\"><span class=\"bogoflags bogoflags-hk\"><\/span> <span class=\"bogo-language-name\"><a rel=\"alternate\" hreflang=\"zh-HK\" href=\"https:\/\/colectivocamac.noblogs.org\/zh-HK\/wp-json\/wp\/v2\/pages\/251\/\" title=\"Chino (Hong Kong)\">\u9999\u6e2f\u4e2d\u6587<\/a><\/span><\/li>\n<li class=\"zh-TW last\"><span class=\"bogoflags bogoflags-tw\"><\/span> <span class=\"bogo-language-name\"><a rel=\"alternate\" hreflang=\"zh-TW\" href=\"https:\/\/colectivocamac.noblogs.org\/zh-TW\/wp-json\/wp\/v2\/pages\/251\/\" title=\"Chino (Taiwan)\">\u7e41\u9ad4\u4e2d\u6587<\/a><\/span><\/li>\n<\/ul>\n","protected":false},"excerpt":{"rendered":"<p>Colectivo Aut\u00f3nomo M\u00f3vil de Autoconstrucci\u00f3n y de Comunicaci\u00f3n (CAMAC) Colectivo El Camac se presenta como un colectivo pol\u00edtico internacional. Nos movemos principalmente con bicicletas. Nuestra campo de acci\u00f3n por ahora es Am\u00e9rica latina, donde queremos aportar nuestra solidaridad a las luchas sociales de hoy. Viajamos compartiendo nuestras varias competencias en las comunidades luchando para su [&hellip;]<\/p>\n","protected":false},"author":12396,"featured_media":0,"parent":0,"menu_order":1,"comment_status":"closed","ping_status":"closed","template":"","meta":{"_locale":"es_ES","_original_post":"86","footnotes":""},"class_list":["post-251","page","type-page","status-publish","hentry","es-ES"],"_links":{"self":[{"href":"https:\/\/colectivocamac.noblogs.org\/wp-json\/wp\/v2\/pages\/251","targetHints":{"allow":["GET"]}}],"collection":[{"href":"https:\/\/colectivocamac.noblogs.org\/wp-json\/wp\/v2\/pages"}],"about":[{"href":"https:\/\/colectivocamac.noblogs.org\/wp-json\/wp\/v2\/types\/page"}],"author":[{"embeddable":true,"href":"https:\/\/colectivocamac.noblogs.org\/wp-json\/wp\/v2\/users\/12396"}],"replies":[{"embeddable":true,"href":"https:\/\/colectivocamac.noblogs.org\/wp-json\/wp\/v2\/comments?post=251"}],"version-history":[{"count":4,"href":"https:\/\/colectivocamac.noblogs.org\/wp-json\/wp\/v2\/pages\/251\/revisions"}],"predecessor-version":[{"id":309,"href":"https:\/\/colectivocamac.noblogs.org\/wp-json\/wp\/v2\/pages\/251\/revisions\/309"}],"wp:attachment":[{"href":"https:\/\/colectivocamac.noblogs.org\/wp-json\/wp\/v2\/media?parent=251"}],"curies":[{"name":"wp","href":"https:\/\/api.w.org\/{rel}","templated":true}]}}